{"id":270,"date":"2024-01-25T07:36:08","date_gmt":"2024-01-25T07:36:08","guid":{"rendered":"https:\/\/goldenlok.ch\/our-story\/"},"modified":"2024-01-31T15:37:12","modified_gmt":"2024-01-31T15:37:12","slug":"our-story","status":"publish","type":"page","link":"https:\/\/goldenlok.ch\/fr\/our-story\/","title":{"rendered":"Notre Histoire"},"content":{"rendered":"\n  <div class=\"banner has-hover is-full-height hide-for-small has-parallax\" id=\"banner-1288638604\">\n          <div class=\"banner-inner fill\">\n        <div class=\"banner-bg fill\" data-parallax=\"-2\" data-parallax-container=\".banner\" data-parallax-background>\n            <img loading=\"lazy\" decoding=\"async\" width=\"1920\" height=\"1280\" src=\"https:\/\/goldenlok.ch\/wp-content\/uploads\/2024\/01\/our-story-page.jpg\" class=\"bg attachment-original size-original\" alt=\"\" \/>                                    \n                    <\/div>\n\t\t\n        <div class=\"banner-layers container\">\n            <div class=\"fill banner-link\"><\/div>            \n        <\/div>\n      <\/div>\n\n            \n<style>\n#banner-1288638604 {\n  padding-top: 123%;\n  background-color: rgb(247, 247, 247);\n}\n#banner-1288638604 .banner-bg img {\n  object-position: 33% 55%;\n}\n@media (min-width:550px) {\n  #banner-1288638604 {\n    padding-top: 90%;\n  }\n}\n@media (min-width:850px) {\n  #banner-1288638604 {\n    padding-top: 100%;\n  }\n}\n<\/style>\n  <\/div>\n\n\n\n  <div class=\"banner has-hover show-for-small\" id=\"banner-1618148508\">\n          <div class=\"banner-inner fill\">\n        <div class=\"banner-bg fill\" >\n            <img loading=\"lazy\" decoding=\"async\" width=\"1020\" height=\"680\" src=\"https:\/\/goldenlok.ch\/wp-content\/uploads\/2024\/01\/our-story-page-1024x683.jpg\" class=\"bg attachment-large size-large\" alt=\"\" \/>                                    \n                    <\/div>\n\t\t\n        <div class=\"banner-layers container\">\n            <div class=\"fill banner-link\"><\/div>            \n        <\/div>\n      <\/div>\n\n            \n<style>\n#banner-1618148508 {\n  padding-top: 110%;\n}\n#banner-1618148508 .banner-bg img {\n  object-position: 60% 55%;\n}\n<\/style>\n  <\/div>\n\n\n\n\t<section class=\"section\" id=\"section_2024333491\">\n\t\t<div class=\"section-bg fill\" >\n\t\t\t\t\t\t\t\t\t\n\t\t\t\n\n\t\t<\/div>\n\n\t\t\n\n\t\t<div class=\"section-content relative\">\n\t\t\t\n<div class=\"row align-middle align-center\"  id=\"row-1848979249\">\n\n\t<div id=\"col-501106250\" class=\"col medium-9 large-9\"  >\n\t\t\t\t<div class=\"col-inner text-center\"  >\n\t\t\t\n\t\t\t\n\t<div id=\"gap-978475693\" class=\"gap-element clearfix\" style=\"display:block; height:auto;\">\n\t\t\n<style>\n#gap-978475693 {\n  padding-top: 30px;\n}\n<\/style>\n\t<\/div>\n\t\n<div class=\"container section-title-container\" ><h1 class=\"section-title section-title-center\"><b aria-hidden=\"true\"><\/b><span class=\"section-title-main\" >NOTRE HISTOIRE<\/span><b aria-hidden=\"true\"><\/b><\/h1><\/div>\n<h3>DES COLLINES DE LA TOSCANE AUX MONTAGNES DE ZERMATT<\/h3>\n<p>Le restaurant Golden Lok doit son nom \u00e0 la locomotive dor\u00e9e du chemin de fer du Gornergrat, datant de 1898, qui est plac\u00e9e au milieu du restaurant. C\u2019est dans ce cadre \u00e9l\u00e9gant que le chef cuisinier et viticulteur Leonardo Brunetti et son \u00e9quipe toscane pr\u00e9parent de d\u00e9licieux plats italiens depuis d\u00e9cembre 2023.<\/p>\n<p>Le chef cuisinier Leonardo Brunetti a appris l\u2019art de la cuisine italienne et de la viticulture aupr\u00e8s de sa famille, en Toscane. Non content d\u2019\u00eatre un chef hors pair, il a aussi l\u2019hospitalit\u00e9 dans le sang. L\u2019atmosph\u00e8re accueillante du Golden Lok est tout aussi importante que les plats eux-m\u00eames, et le chef Leonardo Brunetti et son \u00e9quipe se font un plaisir de vous recevoir dans une ambiance distingu\u00e9e.<small><\/small><\/p>\n\t\t<\/div>\n\t\t\t\t\t<\/div>\n\n\t\n<\/div>\n\t\t<\/div>\n\n\t\t\n<style>\n#section_2024333491 {\n  padding-top: 30px;\n  padding-bottom: 30px;\n}\n<\/style>\n\t<\/section>\n\t\n\n\t<section class=\"section\" id=\"section_2100856836\">\n\t\t<div class=\"section-bg fill\" >\n\t\t\t\t\t\t\t\t\t\n\t\t\t\n\n\t\t<\/div>\n\n\t\t\n\n\t\t<div class=\"section-content relative\">\n\t\t\t\n<div class=\"row\"  id=\"row-1646675873\">\n\n\t<div id=\"col-556017456\" class=\"col medium-3 small-12 large-3\"  >\n\t\t\t\t<div class=\"col-inner\"  >\n\t\t\t\n\t\t\t\n\t<div class=\"box has-hover   has-hover box-text-bottom\" >\n\n\t\t<div class=\"box-image\" >\n\t\t\t\t\t\t<div class=\"image-cover\" style=\"padding-top:100%;\">\n\t\t\t\t<img loading=\"lazy\" decoding=\"async\" width=\"643\" height=\"643\" src=\"https:\/\/goldenlok.ch\/wp-content\/uploads\/2024\/01\/leonardo-brunetti.jpg\" class=\"attachment- size-\" alt=\"\" srcset=\"https:\/\/goldenlok.ch\/wp-content\/uploads\/2024\/01\/leonardo-brunetti.jpg 643w, https:\/\/goldenlok.ch\/wp-content\/uploads\/2024\/01\/leonardo-brunetti-300x300.jpg 300w, https:\/\/goldenlok.ch\/wp-content\/uploads\/2024\/01\/leonardo-brunetti-150x150.jpg 150w\" sizes=\"auto, (max-width: 643px) 100vw, 643px\" \/>\t\t\t\t\t\t\t\t\t\t\t<\/div>\n\t\t\t\t\t<\/div>\n\n\t\t<div class=\"box-text text-center\" >\n\t\t\t<div class=\"box-text-inner\">\n\t\t\t\t\n<p>Leonardo Brunetti<br \/><strong>Chef cuisinier<\/strong><\/p>\n\t\t\t<\/div>\n\t\t<\/div>\n\t<\/div>\n\t\n\t\t<\/div>\n\t\t\t\t\t<\/div>\n\n\t\n\n\t<div id=\"col-1712775576\" class=\"col medium-3 small-12 large-3\"  >\n\t\t\t\t<div class=\"col-inner\"  >\n\t\t\t\n\t\t\t\n\t<div class=\"box has-hover   has-hover box-text-bottom\" >\n\n\t\t<div class=\"box-image\" >\n\t\t\t\t\t\t<div class=\"image-cover\" style=\"padding-top:100%;\">\n\t\t\t\t<img loading=\"lazy\" decoding=\"async\" width=\"643\" height=\"643\" src=\"https:\/\/goldenlok.ch\/wp-content\/uploads\/2024\/01\/anderson-eugenia.jpg\" class=\"attachment- size-\" alt=\"\" srcset=\"https:\/\/goldenlok.ch\/wp-content\/uploads\/2024\/01\/anderson-eugenia.jpg 643w, https:\/\/goldenlok.ch\/wp-content\/uploads\/2024\/01\/anderson-eugenia-300x300.jpg 300w, https:\/\/goldenlok.ch\/wp-content\/uploads\/2024\/01\/anderson-eugenia-150x150.jpg 150w\" sizes=\"auto, (max-width: 643px) 100vw, 643px\" \/>\t\t\t\t\t\t\t\t\t\t\t<\/div>\n\t\t\t\t\t<\/div>\n\n\t\t<div class=\"box-text text-center\" >\n\t\t\t<div class=\"box-text-inner\">\n\t\t\t\t\n<p>Luigi Guarracino<br \/><strong>Sous-chef<\/strong><\/p>\n\t\t\t<\/div>\n\t\t<\/div>\n\t<\/div>\n\t\n\t\t<\/div>\n\t\t\t\t\t<\/div>\n\n\t\n\n\t<div id=\"col-458742652\" class=\"col medium-3 small-12 large-3\"  >\n\t\t\t\t<div class=\"col-inner\"  >\n\t\t\t\n\t\t\t\n\t<div class=\"box has-hover   has-hover box-text-bottom\" >\n\n\t\t<div class=\"box-image\" >\n\t\t\t\t\t\t<div class=\"image-cover\" style=\"padding-top:100%;\">\n\t\t\t\t<img loading=\"lazy\" decoding=\"async\" width=\"643\" height=\"643\" src=\"https:\/\/goldenlok.ch\/wp-content\/uploads\/2024\/01\/smith-maureen.jpg\" class=\"attachment- size-\" alt=\"\" srcset=\"https:\/\/goldenlok.ch\/wp-content\/uploads\/2024\/01\/smith-maureen.jpg 643w, https:\/\/goldenlok.ch\/wp-content\/uploads\/2024\/01\/smith-maureen-300x300.jpg 300w, https:\/\/goldenlok.ch\/wp-content\/uploads\/2024\/01\/smith-maureen-150x150.jpg 150w\" sizes=\"auto, (max-width: 643px) 100vw, 643px\" \/>\t\t\t\t\t\t\t\t\t\t\t<\/div>\n\t\t\t\t\t<\/div>\n\n\t\t<div class=\"box-text text-center\" >\n\t\t\t<div class=\"box-text-inner\">\n\t\t\t\t\n<p>Rocco Cella<br \/><strong>Chef<\/strong><\/p>\n\t\t\t<\/div>\n\t\t<\/div>\n\t<\/div>\n\t\n\t\t<\/div>\n\t\t\t\t\t<\/div>\n\n\t\n\n\t<div id=\"col-743617919\" class=\"col medium-3 small-12 large-3\"  >\n\t\t\t\t<div class=\"col-inner\"  >\n\t\t\t\n\t\t\t\n\t<div class=\"box has-hover   has-hover box-text-bottom\" >\n\n\t\t<div class=\"box-image\" >\n\t\t\t\t\t\t<div class=\"image-cover\" style=\"padding-top:100%;\">\n\t\t\t\t<img loading=\"lazy\" decoding=\"async\" width=\"643\" height=\"643\" src=\"https:\/\/goldenlok.ch\/wp-content\/uploads\/2024\/01\/ellawala-ruveni.jpg\" class=\"attachment- size-\" alt=\"\" srcset=\"https:\/\/goldenlok.ch\/wp-content\/uploads\/2024\/01\/ellawala-ruveni.jpg 643w, https:\/\/goldenlok.ch\/wp-content\/uploads\/2024\/01\/ellawala-ruveni-300x300.jpg 300w, https:\/\/goldenlok.ch\/wp-content\/uploads\/2024\/01\/ellawala-ruveni-150x150.jpg 150w\" sizes=\"auto, (max-width: 643px) 100vw, 643px\" \/>\t\t\t\t\t\t\t\t\t\t\t<\/div>\n\t\t\t\t\t<\/div>\n\n\t\t<div class=\"box-text text-center\" >\n\t\t\t<div class=\"box-text-inner\">\n\t\t\t\t\n<p>Sultan Mahmud<br \/><strong>Pizzaiolo<\/strong><\/p>\n\t\t\t<\/div>\n\t\t<\/div>\n\t<\/div>\n\t\n\t\t<\/div>\n\t\t\t\t\t<\/div>\n\n\t\n<\/div>\n\t\t<\/div>\n\n\t\t\n<style>\n#section_2100856836 {\n  padding-top: 30px;\n  padding-bottom: 30px;\n}\n<\/style>\n\t<\/section>\n\t\n","protected":false},"excerpt":{"rendered":"","protected":false},"author":1,"featured_media":0,"parent":0,"menu_order":0,"comment_status":"closed","ping_status":"closed","template":"","meta":{"footnotes":""},"class_list":["post-270","page","type-page","status-publish","hentry"],"yoast_head":"<!-- This site is optimized with the Yoast SEO plugin v27.2 - https:\/\/yoast.com\/product\/yoast-seo-wordpress\/ -->\n<title>Golden Lok Zermatt - Restaurant italien hospitalit\u00e9 toscane<\/title>\n<meta name=\"description\" content=\"Des collines de Toscane aux montagnes de Zermatt, le chef Leonardo Brunetti et son \u00e9quipe cr\u00e9ent une cuisine italienne faite maison.\" \/>\n<meta name=\"robots\" content=\"index, follow, max-snippet:-1, max-image-preview:large, max-video-preview:-1\" \/>\n<link rel=\"canonical\" href=\"https:\/\/goldenlok.ch\/fr\/our-story\/\" \/>\n<meta property=\"og:locale\" content=\"fr_FR\" \/>\n<meta property=\"og:type\" content=\"article\" \/>\n<meta property=\"og:title\" content=\"Golden Lok Zermatt - Restaurant italien hospitalit\u00e9 toscane\" \/>\n<meta property=\"og:description\" content=\"Des collines de Toscane aux montagnes de Zermatt, le chef Leonardo Brunetti et son \u00e9quipe cr\u00e9ent une cuisine italienne faite maison.\" \/>\n<meta property=\"og:url\" content=\"https:\/\/goldenlok.ch\/fr\/our-story\/\" \/>\n<meta property=\"og:site_name\" content=\"Golden Lok Zermatt\" \/>\n<meta property=\"article:modified_time\" content=\"2024-01-31T15:37:12+00:00\" \/>\n<meta name=\"twitter:card\" content=\"summary_large_image\" \/>\n<meta name=\"twitter:label1\" content=\"Dur\u00e9e de lecture estim\u00e9e\" \/>\n\t<meta name=\"twitter:data1\" content=\"1 minute\" \/>\n<script type=\"application\/ld+json\" class=\"yoast-schema-graph\">{\"@context\":\"https:\/\/schema.org\",\"@graph\":[{\"@type\":\"WebPage\",\"@id\":\"https:\/\/goldenlok.ch\/fr\/our-story\/\",\"url\":\"https:\/\/goldenlok.ch\/fr\/our-story\/\",\"name\":\"Golden Lok Zermatt - Restaurant italien hospitalit\u00e9 toscane\",\"isPartOf\":{\"@id\":\"https:\/\/goldenlok.ch\/fr\/#website\"},\"datePublished\":\"2024-01-25T07:36:08+00:00\",\"dateModified\":\"2024-01-31T15:37:12+00:00\",\"description\":\"Des collines de Toscane aux montagnes de Zermatt, le chef Leonardo Brunetti et son \u00e9quipe cr\u00e9ent une cuisine italienne faite maison.\",\"breadcrumb\":{\"@id\":\"https:\/\/goldenlok.ch\/fr\/our-story\/#breadcrumb\"},\"inLanguage\":\"fr-FR\",\"potentialAction\":[{\"@type\":\"ReadAction\",\"target\":[\"https:\/\/goldenlok.ch\/fr\/our-story\/\"]}]},{\"@type\":\"BreadcrumbList\",\"@id\":\"https:\/\/goldenlok.ch\/fr\/our-story\/#breadcrumb\",\"itemListElement\":[{\"@type\":\"ListItem\",\"position\":1,\"name\":\"Home\",\"item\":\"https:\/\/goldenlok.ch\/fr\/\"},{\"@type\":\"ListItem\",\"position\":2,\"name\":\"Notre Histoire\"}]},{\"@type\":\"WebSite\",\"@id\":\"https:\/\/goldenlok.ch\/fr\/#website\",\"url\":\"https:\/\/goldenlok.ch\/fr\/\",\"name\":\"Golden Lok Zermatt\",\"description\":\"Golden Lok Zermatt\",\"publisher\":{\"@id\":\"https:\/\/goldenlok.ch\/fr\/#organization\"},\"potentialAction\":[{\"@type\":\"SearchAction\",\"target\":{\"@type\":\"EntryPoint\",\"urlTemplate\":\"https:\/\/goldenlok.ch\/fr\/?s={search_term_string}\"},\"query-input\":{\"@type\":\"PropertyValueSpecification\",\"valueRequired\":true,\"valueName\":\"search_term_string\"}}],\"inLanguage\":\"fr-FR\"},{\"@type\":\"Organization\",\"@id\":\"https:\/\/goldenlok.ch\/fr\/#organization\",\"name\":\"Golden Lok Zermatt\",\"url\":\"https:\/\/goldenlok.ch\/fr\/\",\"logo\":{\"@type\":\"ImageObject\",\"inLanguage\":\"fr-FR\",\"@id\":\"https:\/\/goldenlok.ch\/fr\/#\/schema\/logo\/image\/\",\"url\":\"https:\/\/goldenlok.ch\/wp-content\/uploads\/2024\/01\/welcome.jpg\",\"contentUrl\":\"https:\/\/goldenlok.ch\/wp-content\/uploads\/2024\/01\/welcome.jpg\",\"width\":1920,\"height\":1232,\"caption\":\"Golden Lok Zermatt\"},\"image\":{\"@id\":\"https:\/\/goldenlok.ch\/fr\/#\/schema\/logo\/image\/\"},\"sameAs\":[\"https:\/\/www.instagram.com\/golden.lok\/\"]}]}<\/script>\n<!-- \/ Yoast SEO plugin. -->","yoast_head_json":{"title":"Golden Lok Zermatt - Restaurant italien hospitalit\u00e9 toscane","description":"Des collines de Toscane aux montagnes de Zermatt, le chef Leonardo Brunetti et son \u00e9quipe cr\u00e9ent une cuisine italienne faite maison.","robots":{"index":"index","follow":"follow","max-snippet":"max-snippet:-1","max-image-preview":"max-image-preview:large","max-video-preview":"max-video-preview:-1"},"canonical":"https:\/\/goldenlok.ch\/fr\/our-story\/","og_locale":"fr_FR","og_type":"article","og_title":"Golden Lok Zermatt - Restaurant italien hospitalit\u00e9 toscane","og_description":"Des collines de Toscane aux montagnes de Zermatt, le chef Leonardo Brunetti et son \u00e9quipe cr\u00e9ent une cuisine italienne faite maison.","og_url":"https:\/\/goldenlok.ch\/fr\/our-story\/","og_site_name":"Golden Lok Zermatt","article_modified_time":"2024-01-31T15:37:12+00:00","twitter_card":"summary_large_image","twitter_misc":{"Dur\u00e9e de lecture estim\u00e9e":"1 minute"},"schema":{"@context":"https:\/\/schema.org","@graph":[{"@type":"WebPage","@id":"https:\/\/goldenlok.ch\/fr\/our-story\/","url":"https:\/\/goldenlok.ch\/fr\/our-story\/","name":"Golden Lok Zermatt - Restaurant italien hospitalit\u00e9 toscane","isPartOf":{"@id":"https:\/\/goldenlok.ch\/fr\/#website"},"datePublished":"2024-01-25T07:36:08+00:00","dateModified":"2024-01-31T15:37:12+00:00","description":"Des collines de Toscane aux montagnes de Zermatt, le chef Leonardo Brunetti et son \u00e9quipe cr\u00e9ent une cuisine italienne faite maison.","breadcrumb":{"@id":"https:\/\/goldenlok.ch\/fr\/our-story\/#breadcrumb"},"inLanguage":"fr-FR","potentialAction":[{"@type":"ReadAction","target":["https:\/\/goldenlok.ch\/fr\/our-story\/"]}]},{"@type":"BreadcrumbList","@id":"https:\/\/goldenlok.ch\/fr\/our-story\/#breadcrumb","itemListElement":[{"@type":"ListItem","position":1,"name":"Home","item":"https:\/\/goldenlok.ch\/fr\/"},{"@type":"ListItem","position":2,"name":"Notre Histoire"}]},{"@type":"WebSite","@id":"https:\/\/goldenlok.ch\/fr\/#website","url":"https:\/\/goldenlok.ch\/fr\/","name":"Golden Lok Zermatt","description":"Golden Lok Zermatt","publisher":{"@id":"https:\/\/goldenlok.ch\/fr\/#organization"},"potentialAction":[{"@type":"SearchAction","target":{"@type":"EntryPoint","urlTemplate":"https:\/\/goldenlok.ch\/fr\/?s={search_term_string}"},"query-input":{"@type":"PropertyValueSpecification","valueRequired":true,"valueName":"search_term_string"}}],"inLanguage":"fr-FR"},{"@type":"Organization","@id":"https:\/\/goldenlok.ch\/fr\/#organization","name":"Golden Lok Zermatt","url":"https:\/\/goldenlok.ch\/fr\/","logo":{"@type":"ImageObject","inLanguage":"fr-FR","@id":"https:\/\/goldenlok.ch\/fr\/#\/schema\/logo\/image\/","url":"https:\/\/goldenlok.ch\/wp-content\/uploads\/2024\/01\/welcome.jpg","contentUrl":"https:\/\/goldenlok.ch\/wp-content\/uploads\/2024\/01\/welcome.jpg","width":1920,"height":1232,"caption":"Golden Lok Zermatt"},"image":{"@id":"https:\/\/goldenlok.ch\/fr\/#\/schema\/logo\/image\/"},"sameAs":["https:\/\/www.instagram.com\/golden.lok\/"]}]}},"_links":{"self":[{"href":"https:\/\/goldenlok.ch\/fr\/wp-json\/wp\/v2\/pages\/270","targetHints":{"allow":["GET"]}}],"collection":[{"href":"https:\/\/goldenlok.ch\/fr\/wp-json\/wp\/v2\/pages"}],"about":[{"href":"https:\/\/goldenlok.ch\/fr\/wp-json\/wp\/v2\/types\/page"}],"author":[{"embeddable":true,"href":"https:\/\/goldenlok.ch\/fr\/wp-json\/wp\/v2\/users\/1"}],"replies":[{"embeddable":true,"href":"https:\/\/goldenlok.ch\/fr\/wp-json\/wp\/v2\/comments?post=270"}],"version-history":[{"count":5,"href":"https:\/\/goldenlok.ch\/fr\/wp-json\/wp\/v2\/pages\/270\/revisions"}],"predecessor-version":[{"id":409,"href":"https:\/\/goldenlok.ch\/fr\/wp-json\/wp\/v2\/pages\/270\/revisions\/409"}],"wp:attachment":[{"href":"https:\/\/goldenlok.ch\/fr\/wp-json\/wp\/v2\/media?parent=270"}],"curies":[{"name":"wp","href":"https:\/\/api.w.org\/{rel}","templated":true}]}}